{"id":55,"date":"2022-06-17T11:10:45","date_gmt":"2022-06-17T11:10:45","guid":{"rendered":"https:\/\/logofilmtape.al\/?page_id=55"},"modified":"2022-07-09T08:16:43","modified_gmt":"2022-07-09T08:16:43","slug":"rreth-nesh","status":"publish","type":"page","link":"https:\/\/logofilmtape.al\/sq\/rreth-nesh\/","title":{"rendered":"RRETH NESH"},"content":{"rendered":"<p>[et_pb_section fb_built=&#8221;1&#8243; custom_padding_last_edited=&#8221;on|phone&#8221; admin_label=&#8221;Header&#8221; _builder_version=&#8221;4.17.4&#8243; _module_preset=&#8221;default&#8221; use_background_color_gradient=&#8221;on&#8221; background_color_gradient_direction=&#8221;146deg&#8221; background_color_gradient_stops=&#8221;rgba(0,0,0,0) 50%|#acf8f5 50%&#8221; background_color_gradient_overlays_image=&#8221;on&#8221; background_color_gradient_start=&#8221;rgba(0,0,0,0)&#8221; background_color_gradient_start_position=&#8221;50%&#8221; background_color_gradient_end=&#8221;#acf8f5&#8243; background_color_gradient_end_position=&#8221;50%&#8221; background_image=&#8221;https:\/\/logofilmtape.al\/wp-content\/uploads\/2022\/06\/print-shop_dots-pattern-1.png&#8221; overflow-x=&#8221;hidden&#8221; overflow-y=&#8221;hidden&#8221; custom_padding=&#8221;10px||10px||false|false&#8221; custom_padding_tablet=&#8221;10px||10px||false|false&#8221; custom_padding_phone=&#8221;10px||10px||false|false&#8221; locked=&#8221;off&#8221; global_colors_info=&#8221;{}&#8221;][et_pb_row column_structure=&#8221;3_5,2_5&#8243; use_custom_gutter=&#8221;on&#8221; gutter_width=&#8221;4&#8243; _builder_version=&#8221;4.17.4&#8243; _module_preset=&#8221;default&#8221; width=&#8221;95%&#8221; module_alignment=&#8221;center&#8221; custom_padding=&#8221;0px||0px||false|false&#8221; hover_enabled=&#8221;0&#8243; global_colors_info=&#8221;{}&#8221; sticky_enabled=&#8221;0&#8243;][et_pb_column type=&#8221;3_5&#8243; _builder_version=&#8221;4.17.4&#8243; _module_preset=&#8221;default&#8221; z_index=&#8221;10&#8243; custom_padding=&#8221;|50px|||false|false&#8221; custom_padding_tablet=&#8221;|50px|||false|false&#8221; custom_padding_phone=&#8221;|0px|||false|false&#8221; custom_padding_last_edited=&#8221;on|phone&#8221; global_colors_info=&#8221;{}&#8221;][et_pb_text _builder_version=&#8221;4.17.4&#8243; _module_preset=&#8221;default&#8221; text_font=&#8221;|||on|||||&#8221; text_text_color=&#8221;#FFFFFF&#8221; header_font=&#8221;|700||on|||||&#8221; header_text_color=&#8221;#FFFFFF&#8221; header_2_font_size=&#8221;30px&#8221; header_3_font=&#8221;|600||on|||||&#8221; header_3_text_align=&#8221;center&#8221; header_3_text_color=&#8221;#FFFFFF&#8221; header_3_font_size=&#8221;25px&#8221; header_4_font=&#8221;Oswald|||on|||||&#8221; header_4_text_color=&#8221;#FFFFFF&#8221; header_4_font_size=&#8221;12px&#8221; background_color=&#8221;#fd335a&#8221; custom_margin=&#8221;0px||10px||false|false&#8221; custom_padding=&#8221;10px|10px|0px|10px|false|true&#8221; locked=&#8221;off&#8221; global_colors_info=&#8221;{}&#8221;]<\/p>\n<h3>RRETH NESH<\/h3>\n<p>[\/et_pb_text][et_pb_text _builder_version=&#8221;4.17.4&#8243; _module_preset=&#8221;default&#8221; header_font=&#8221;Oswald|||on|||||&#8221; header_text_color=&#8221;#000645&#8243; header_font_size=&#8221;72px&#8221; header_letter_spacing=&#8221;1px&#8221; header_line_height=&#8221;1.3em&#8221; custom_margin=&#8221;0px||0px||false|false&#8221; custom_padding=&#8221;0px||10px||false|false&#8221; header_font_size_tablet=&#8221;40px&#8221; header_font_size_phone=&#8221;24px&#8221; header_font_size_last_edited=&#8221;on|phone&#8221; locked=&#8221;off&#8221; global_colors_info=&#8221;{}&#8221;]<\/p>\n<h3><strong>P\u00ebr LOGO FILM cil\u00ebsi do t\u00eb thot\u00eb kualitet n\u00eb proces dhe produkt s\u00eb bashku me kujdeisn n\u00eb sh\u00ebrbimin ndaj klientit.<\/strong><\/h3>\n<p>[\/et_pb_text][et_pb_text _builder_version=&#8221;4.17.4&#8243; _module_preset=&#8221;default&#8221; text_font=&#8221;ABeeZee||||||||&#8221; text_text_color=&#8221;#000000&#8243; text_font_size=&#8221;17px&#8221; text_line_height=&#8221;1.8em&#8221; text_font_size_tablet=&#8221;15px&#8221; text_font_size_phone=&#8221;14px&#8221; text_font_size_last_edited=&#8221;on|desktop&#8221; global_colors_info=&#8221;{}&#8221;]<\/p>\n<p style=\"text-align: justify;\">LOGO FILM u themelua n\u00eb vitin 2004 dhe solli nj\u00eb risi n\u00eb tregun Shqiptar kualitet dhe siguri n\u00eb produkte me origjin\u00eb evropiane dhe aziatike.<\/p>\n<p style=\"text-align: justify;\">Teknologjjia dhe pro\u00e7eset inovative kan\u00eb luajtur nj\u00eb rol ky\u00e7 n\u00eb historin\u00eb dhe strategjin\u00eb e zhvillimit t\u00eb LOGO FILM.<\/p>\n<p style=\"text-align: justify;\">Kjo na b\u00ebn t\u00eb jemi lider n\u00eb treg dhe te sjellim nj\u00eb larmi produktesh me kapacitete t\u00eb larta dhe cil\u00ebsi maksimale n\u00eb standarte bashk\u00ebkohore.<\/p>\n<p style=\"text-align: justify;\">Ne sjellim te ju shirita ngjit\u00ebs n\u00eb forma t\u00eb ndryshme, dimensione dhe ngjyra.<\/p>\n<p style=\"text-align: justify;\">Ne kemi ngjit\u00ebsin m\u00eb t\u00eb mir\u00eb p\u00ebr biznesin tuaj. Ofrojm\u00eb mund\u00ebsi personalizimi n\u00eb shirit ngjit\u00ebs.<\/p>\n<p style=\"text-align: justify;\">Paketimet tuaja tani do t\u00eb duken m\u00eb bukur me ngjit\u00ebsa t\u00eb personalizuar sipas biznesit e k\u00ebrkesave n\u00eb m\u00ebnyr\u00eb q\u00eb t\u00eb ruhet Brandi i produktit tuaj dhe sigurisht t\u00eb ruhet sa m\u00eb mir\u00eb cil\u00ebsia.<\/p>\n<p>[\/et_pb_text][et_pb_button button_text=&#8221;Contact Us&#8221; _builder_version=&#8221;4.17.4&#8243; _module_preset=&#8221;default&#8221; custom_button=&#8221;on&#8221; button_text_size=&#8221;14px&#8221; button_text_color=&#8221;#FFFFFF&#8221; button_bg_color=&#8221;#000645&#8243; button_border_width=&#8221;0px&#8221; button_border_radius=&#8221;0px&#8221; button_letter_spacing=&#8221;1px&#8221; button_font=&#8221;Oswald|||on|||||&#8221; custom_padding=&#8221;10px|20px|10px|20px|true|true&#8221; custom_padding_tablet=&#8221;15px|30px|15px|30px|true|true&#8221; custom_padding_phone=&#8221;15px|25px|15px|25px|true|true&#8221; custom_padding_last_edited=&#8221;off|desktop&#8221; locked=&#8221;off&#8221; global_colors_info=&#8221;{}&#8221;][\/et_pb_button][\/et_pb_column][et_pb_column type=&#8221;2_5&#8243; _builder_version=&#8221;4.16&#8243; _module_preset=&#8221;default&#8221; global_colors_info=&#8221;{}&#8221;][et_pb_image src=&#8221;https:\/\/logofilmtape.al\/wp-content\/uploads\/2022\/06\/30A34817-73FD-4EBC-862B-B0EB5A9D93AD.jpeg&#8221; title_text=&#8221;30A34817-73FD-4EBC-862B-B0EB5A9D93AD&#8221; _builder_version=&#8221;4.17.4&#8243; _module_preset=&#8221;default&#8221; custom_margin=&#8221;|-10vw||-30%|false|false&#8221; custom_margin_tablet=&#8221;0%|0vw||0px|false|false&#8221; custom_margin_phone=&#8221;0%|0vw||0px|false|false&#8221; custom_margin_last_edited=&#8221;on|phone&#8221; global_colors_info=&#8221;{}&#8221;][\/et_pb_image][\/et_pb_column][\/et_pb_row][\/et_pb_section][et_pb_section fb_built=&#8221;1&#8243; admin_label=&#8221;About&#8221; _builder_version=&#8221;4.17.4&#8243; _module_preset=&#8221;default&#8221; custom_padding=&#8221;0px||0px||false|false&#8221; global_colors_info=&#8221;{}&#8221;][et_pb_row column_structure=&#8221;3_5,2_5&#8243; _builder_version=&#8221;4.17.4&#8243; _module_preset=&#8221;default&#8221; width=&#8221;95%&#8221; module_alignment=&#8221;center&#8221; hover_enabled=&#8221;0&#8243; global_colors_info=&#8221;{}&#8221; sticky_enabled=&#8221;0&#8243;][et_pb_column type=&#8221;3_5&#8243; _builder_version=&#8221;4.16&#8243; _module_preset=&#8221;default&#8221; global_colors_info=&#8221;{}&#8221;][et_pb_text module_id=&#8221;kualitet&#8221; module_class=&#8221;kualitet&#8221; _builder_version=&#8221;4.17.4&#8243; _module_preset=&#8221;default&#8221; header_2_font=&#8221;Oswald|||on|||||&#8221; header_2_text_color=&#8221;#000645&#8243; header_2_font_size=&#8221;35px&#8221; header_2_letter_spacing=&#8221;1px&#8221; header_2_line_height=&#8221;1.4em&#8221; header_2_font_size_tablet=&#8221;32px&#8221; header_2_font_size_phone=&#8221;20px&#8221; header_2_font_size_last_edited=&#8221;on|phone&#8221; global_colors_info=&#8221;{}&#8221;]<\/p>\n<h2>Laboratori i brendsh\u00ebm i K\u00ebrkimit dhe Zhvillimit \u00ebsht\u00eb zemra e inovacionit t\u00eb produktit.<\/h2>\n<p>[\/et_pb_text][et_pb_text _builder_version=&#8221;4.17.4&#8243; _module_preset=&#8221;default&#8221; text_font=&#8221;ABeeZee|700|||||||&#8221; text_text_color=&#8221;#000000&#8243; text_font_size=&#8221;17px&#8221; text_line_height=&#8221;1.8em&#8221; text_font_size_tablet=&#8221;15px&#8221; text_font_size_phone=&#8221;14px&#8221; text_font_size_last_edited=&#8221;on|desktop&#8221; global_colors_info=&#8221;{}&#8221;]<\/p>\n<p style=\"text-align: justify;\">Laboratori i ri i K\u00ebrkimit dhe Zhvillimit n\u00eb kuad\u00ebr t\u00eb kompanis\u00eb pun\u00ebson personel t\u00eb specializuar dhe instrumente specifike p\u00ebr vler\u00ebsimin e l\u00ebnd\u00ebve t\u00eb para p\u00ebr t\u00eb kontribuar n\u00eb ciklin e prodhimit, p\u00ebr t\u00eb kontrolluar prodhimet e ndryshme dhe mbi t\u00eb gjitha p\u00ebr t\u00eb zhvilluar produkte t\u00eb reja q\u00eb u mund\u00ebsojn\u00eb konsumator\u00ebve t\u00eb gjejn\u00eb zgjidhje p\u00ebr k\u00ebrkesat e tyre.<\/p>\n<table border=\"1\" style=\"border-collapse: collapse; width: 100%;\">\n<tbody>\n<tr>\n<td style=\"width: 50%;\"><img loading=\"lazy\" decoding=\"async\" src=\"https:\/\/logofilmtape.al\/wp-content\/uploads\/2022\/06\/qualita_1-300x227.jpg\" width=\"300\" height=\"227\" alt=\"\" class=\"wp-image-406 alignnone size-medium\" \/><\/td>\n<td style=\"width: 50%;\"><img loading=\"lazy\" decoding=\"async\" src=\"https:\/\/logofilmtape.al\/wp-content\/uploads\/2022\/06\/qualita_2-300x227.jpg\" width=\"300\" height=\"227\" alt=\"\" class=\"wp-image-407 alignnone size-medium\" \/><\/td>\n<\/tr>\n<\/tbody>\n<\/table>\n<p style=\"text-align: justify;\">\n<p>[\/et_pb_text][\/et_pb_column][et_pb_column type=&#8221;2_5&#8243; _builder_version=&#8221;4.16&#8243; _module_preset=&#8221;default&#8221; global_colors_info=&#8221;{}&#8221;][et_pb_text _builder_version=&#8221;4.17.4&#8243; _module_preset=&#8221;default&#8221; text_font=&#8221;ABeeZee|700|||||||&#8221; text_text_color=&#8221;#000000&#8243; text_font_size=&#8221;17px&#8221; text_line_height=&#8221;1.8em&#8221; text_font_size_tablet=&#8221;15px&#8221; text_font_size_phone=&#8221;14px&#8221; text_font_size_last_edited=&#8221;on|desktop&#8221; global_colors_info=&#8221;{}&#8221;]<\/p>\n<p style=\"text-align: justify;\">Fleksibiliteti dhe ekspertiza jan\u00eb ende vlerat e kompanis\u00eb q\u00eb n\u00eb m\u00eb shum\u00eb se 5 vjet ka zhvilluar aft\u00ebsit\u00eb ky\u00e7e n\u00eb procesin industrial, n\u00eb interpretimin e k\u00ebrkesave t\u00eb tregut dhe ofrimin e zgjidhjeve inovative t\u00eb p\u00ebrshtatura.<\/p>\n<p style=\"text-align: justify;\">Zhvillimi i prototipit dhe k\u00ebrkimi i aplikacioneve t\u00eb reja sipas nevojave dhe k\u00ebrkes\u00ebs s\u00eb tregut. Zhvillimi i projekteve n\u00eb partneritet me klient\u00ebt tan\u00eb.<\/p>\n<p style=\"text-align: justify;\">Sh\u00ebrbimi ndaj klientit ka nga ne nj\u00eb fokus t\u00eb vazhduesh\u00ebm n\u00eb nevojat e shprehura gjat\u00eb \u00e7do faze t\u00eb marr\u00ebdh\u00ebnies s\u00eb biznesit.<\/p>\n<p style=\"text-align: justify;\"><img loading=\"lazy\" decoding=\"async\" src=\"https:\/\/logofilmtape.al\/wp-content\/uploads\/2022\/06\/laboratori.jpg\" width=\"768\" height=\"512\" alt=\"\" class=\"wp-image-321 alignnone size-full\" srcset=\"https:\/\/logofilmtape.al\/wp-content\/uploads\/2022\/06\/laboratori.jpg 768w, https:\/\/logofilmtape.al\/wp-content\/uploads\/2022\/06\/laboratori-480x320.jpg 480w\" sizes=\"auto, (min-width: 0px) and (max-width: 480px) 480px, (min-width: 481px) 768px, 100vw\" \/><\/p>\n<p>[\/et_pb_text][\/et_pb_column][\/et_pb_row][et_pb_row column_structure=&#8221;2_5,3_5&#8243; _builder_version=&#8221;4.17.4&#8243; _module_preset=&#8221;default&#8221; width=&#8221;95%&#8221; module_alignment=&#8221;center&#8221; hover_enabled=&#8221;0&#8243; global_colors_info=&#8221;{}&#8221; sticky_enabled=&#8221;0&#8243;][et_pb_column type=&#8221;2_5&#8243; _builder_version=&#8221;4.16&#8243; _module_preset=&#8221;default&#8221; background_color=&#8221;#acf8f5&#8243; custom_padding=&#8221;50px|40px|30px|40px|false|true&#8221; custom_padding_tablet=&#8221;50px|30px||30px|false|true&#8221; custom_padding_phone=&#8221;|20px||20px|false|true&#8221; custom_padding_last_edited=&#8221;on|tablet&#8221; global_colors_info=&#8221;{}&#8221;][et_pb_text module_id=&#8221;korrektesi&#8221; module_class=&#8221;korrektesi&#8221; _builder_version=&#8221;4.17.4&#8243; _module_preset=&#8221;default&#8221; header_3_font=&#8221;|||on|||||&#8221; header_3_text_color=&#8221;#FFFFFF&#8221; header_4_font=&#8221;Oswald|||on|||||&#8221; header_4_text_color=&#8221;#FFFFFF&#8221; header_4_font_size=&#8221;12px&#8221; background_color=&#8221;#000000&#8243; custom_margin=&#8221;||||false|false&#8221; custom_padding=&#8221;8px|10px||10px|false|true&#8221; locked=&#8221;off&#8221; global_colors_info=&#8221;{}&#8221;]<\/p>\n<h3>Logjistika<\/h3>\n<p>[\/et_pb_text][et_pb_text _builder_version=&#8221;4.17.4&#8243; _module_preset=&#8221;default&#8221; text_font=&#8221;ABeeZee|700|||||||&#8221; text_text_color=&#8221;#000000&#8243; text_font_size=&#8221;16px&#8221; text_line_height=&#8221;1.8em&#8221; link_text_color=&#8221;#000000&#8243; max_width=&#8221;800px&#8221; text_font_size_tablet=&#8221;15px&#8221; text_font_size_phone=&#8221;14px&#8221; text_font_size_last_edited=&#8221;on|desktop&#8221; global_colors_info=&#8221;{}&#8221;]<\/p>\n<p style=\"text-align: justify;\">LOGO FILM \u00ebsht\u00eb sinonim i cil\u00ebsis\u00eb, besueshm\u00ebris\u00eb, teknologjis\u00eb s\u00eb p\u00ebrparuar, k\u00ebrkimit t\u00eb vazhduesh\u00ebm dhe zhvillimit. Ne po sigurojm\u00eb v\u00ebllime t\u00eb m\u00ebdha prodhimi n\u00eb mbi 12 qytete rreth Shqip\u00ebris\u00eb.<\/p>\n<p style=\"text-align: justify;\">Logjistika \u00ebsht\u00eb e organizuar n\u00eb detaje dhe funksionon n\u00eb nj\u00eb bashk\u00ebpunim t\u00eb ngusht\u00eb me ekipin ton\u00eb t\u00eb shitjes q\u00eb menaxhon direkt t\u00eb gjith\u00eb klient\u00ebt tan\u00eb vendas.<\/p>\n<p style=\"text-align: justify;\">Qendra jon\u00eb logjistike \u00ebsht\u00eb zgjeruar koh\u00ebt e fundit me 2.000 m\u00b2 p\u00ebr t\u00eb p\u00ebrmir\u00ebsuar dhe zgjeruar sh\u00ebrbimin ndaj klientit.<\/p>\n<p>[\/et_pb_text][\/et_pb_column][et_pb_column type=&#8221;3_5&#8243; _builder_version=&#8221;4.16&#8243; _module_preset=&#8221;default&#8221; background_color=&#8221;#fff67f&#8221; custom_padding=&#8221;50px|40px|30px|40px|false|true&#8221; custom_padding_tablet=&#8221;50px|30px||30px|false|true&#8221; custom_padding_phone=&#8221;|20px||20px|false|true&#8221; custom_padding_last_edited=&#8221;on|tablet&#8221; global_colors_info=&#8221;{}&#8221;][et_pb_text _builder_version=&#8221;4.17.4&#8243; _module_preset=&#8221;default&#8221; header_font=&#8221;|||on|||||&#8221; header_text_color=&#8221;#FFFFFF&#8221; header_3_font=&#8221;|||on|||||&#8221; header_3_text_color=&#8221;#FFFFFF&#8221; header_3_font_size=&#8221;20px&#8221; header_4_font=&#8221;Oswald|||on|||||&#8221; header_4_text_color=&#8221;#FFFFFF&#8221; header_4_font_size=&#8221;12px&#8221; background_color=&#8221;#000000&#8243; custom_margin=&#8221;||||false|false&#8221; custom_padding=&#8221;8px|10px||10px|false|true&#8221; locked=&#8221;off&#8221; global_colors_info=&#8221;{}&#8221;]<\/p>\n<h3>Rrjeti logjistik p\u00ebrhapet n\u00eb t\u00eb gjitha qytetet e Shqip\u00ebris\u00eb<\/h3>\n<p>[\/et_pb_text][et_pb_image src=&#8221;https:\/\/logofilmtape.al\/wp-content\/uploads\/2022\/06\/logjistika.jpg&#8221; title_text=&#8221;logjistika&#8221; _builder_version=&#8221;4.17.4&#8243; _module_preset=&#8221;default&#8221; width=&#8221;100%&#8221; module_alignment=&#8221;center&#8221; global_colors_info=&#8221;{}&#8221;][\/et_pb_image][\/et_pb_column][\/et_pb_row][\/et_pb_section]<\/p>\n","protected":false},"excerpt":{"rendered":"<p>RRETH NESHP\u00ebr LOGO FILM cil\u00ebsi do t\u00eb thot\u00eb kualitet n\u00eb proces dhe produkt s\u00eb bashku me kujdeisn n\u00eb sh\u00ebrbimin ndaj klientit.LOGO FILM u themelua n\u00eb vitin 2004 dhe solli nj\u00eb risi n\u00eb tregun Shqiptar kualitet dhe siguri n\u00eb produkte me origjin\u00eb evropiane dhe aziatike. Teknologjjia dhe pro\u00e7eset inovative kan\u00eb luajtur nj\u00eb rol ky\u00e7 n\u00eb historin\u00eb [&hellip;]<\/p>\n","protected":false},"author":2,"featured_media":376,"parent":0,"menu_order":0,"comment_status":"closed","ping_status":"closed","template":"","meta":{"_et_pb_use_builder":"on","_et_pb_old_content":"<!-- wp:divi\/placeholder \/-->","_et_gb_content_width":"","_joinchat":[],"footnotes":""},"class_list":["post-55","page","type-page","status-publish","has-post-thumbnail","hentry"],"yoast_head":"<!-- This site is optimized with the Yoast SEO plugin v27.4 - https:\/\/yoast.com\/product\/yoast-seo-wordpress\/ -->\n<title>Kush Jemi Ne? - Logofilm Shpk Albania<\/title>\n<meta name=\"description\" content=\"Logofilm Genti Shpk ofroj Shirita Ngjites te Personalizuar me logo Biznesi. Shirita adeziv te ndryshem, per cfaredo lloje perdorimi. Durres, Albania.\" \/>\n<meta name=\"robots\" content=\"index, follow, max-snippet:-1, max-image-preview:large, max-video-preview:-1\" \/>\n<link rel=\"canonical\" href=\"http:\/\/logofilmtape.al\/sq\/rreth-nesh\/\" \/>\n<meta property=\"og:locale\" content=\"sq_AL\" \/>\n<meta property=\"og:type\" content=\"article\" \/>\n<meta property=\"og:title\" content=\"Kush Jemi Ne? - Logofilm Shpk Albania\" \/>\n<meta property=\"og:description\" content=\"Logofilm Genti Shpk ofroj Shirita Ngjites te Personalizuar me logo Biznesi. Shirita adeziv te ndryshem, per cfaredo lloje perdorimi. Durres, Albania.\" \/>\n<meta property=\"og:url\" content=\"http:\/\/logofilmtape.al\/sq\/rreth-nesh\/\" \/>\n<meta property=\"og:site_name\" content=\"Logofilm Shpk\" \/>\n<meta property=\"article:publisher\" content=\"https:\/\/www.facebook.com\/logofilmshpk\/\" \/>\n<meta property=\"article:modified_time\" content=\"2022-07-09T08:16:43+00:00\" \/>\n<meta property=\"og:image\" content=\"https:\/\/logofilmtape.al\/wp-content\/uploads\/2022\/06\/FEATURED.jpg\" \/>\n\t<meta property=\"og:image:width\" content=\"740\" \/>\n\t<meta property=\"og:image:height\" content=\"385\" \/>\n\t<meta property=\"og:image:type\" content=\"image\/jpeg\" \/>\n<meta name=\"twitter:card\" content=\"summary_large_image\" \/>\n<meta name=\"twitter:label1\" content=\"Est. reading time\" \/>\n\t<meta name=\"twitter:data1\" content=\"8 minuta\" \/>\n<script type=\"application\/ld+json\" class=\"yoast-schema-graph\">{\"@context\":\"https:\\\/\\\/schema.org\",\"@graph\":[{\"@type\":\"WebPage\",\"@id\":\"http:\\\/\\\/logofilmtape.al\\\/sq\\\/rreth-nesh\\\/\",\"url\":\"http:\\\/\\\/logofilmtape.al\\\/sq\\\/rreth-nesh\\\/\",\"name\":\"Kush Jemi Ne? - Logofilm Shpk Albania\",\"isPartOf\":{\"@id\":\"https:\\\/\\\/logofilmtape.al\\\/sq\\\/#website\"},\"primaryImageOfPage\":{\"@id\":\"http:\\\/\\\/logofilmtape.al\\\/sq\\\/rreth-nesh\\\/#primaryimage\"},\"image\":{\"@id\":\"http:\\\/\\\/logofilmtape.al\\\/sq\\\/rreth-nesh\\\/#primaryimage\"},\"thumbnailUrl\":\"https:\\\/\\\/logofilmtape.al\\\/wp-content\\\/uploads\\\/2022\\\/06\\\/FEATURED.jpg\",\"datePublished\":\"2022-06-17T11:10:45+00:00\",\"dateModified\":\"2022-07-09T08:16:43+00:00\",\"description\":\"Logofilm Genti Shpk ofroj Shirita Ngjites te Personalizuar me logo Biznesi. Shirita adeziv te ndryshem, per cfaredo lloje perdorimi. Durres, Albania.\",\"breadcrumb\":{\"@id\":\"http:\\\/\\\/logofilmtape.al\\\/sq\\\/rreth-nesh\\\/#breadcrumb\"},\"inLanguage\":\"sq\",\"potentialAction\":[{\"@type\":\"ReadAction\",\"target\":[\"http:\\\/\\\/logofilmtape.al\\\/sq\\\/rreth-nesh\\\/\"]}]},{\"@type\":\"ImageObject\",\"inLanguage\":\"sq\",\"@id\":\"http:\\\/\\\/logofilmtape.al\\\/sq\\\/rreth-nesh\\\/#primaryimage\",\"url\":\"https:\\\/\\\/logofilmtape.al\\\/wp-content\\\/uploads\\\/2022\\\/06\\\/FEATURED.jpg\",\"contentUrl\":\"https:\\\/\\\/logofilmtape.al\\\/wp-content\\\/uploads\\\/2022\\\/06\\\/FEATURED.jpg\",\"width\":740,\"height\":385},{\"@type\":\"BreadcrumbList\",\"@id\":\"http:\\\/\\\/logofilmtape.al\\\/sq\\\/rreth-nesh\\\/#breadcrumb\",\"itemListElement\":[{\"@type\":\"ListItem\",\"position\":1,\"name\":\"Home\",\"item\":\"https:\\\/\\\/logofilmtape.al\\\/sq\\\/\"},{\"@type\":\"ListItem\",\"position\":2,\"name\":\"RRETH NESH\"}]},{\"@type\":\"WebSite\",\"@id\":\"https:\\\/\\\/logofilmtape.al\\\/sq\\\/#website\",\"url\":\"https:\\\/\\\/logofilmtape.al\\\/sq\\\/\",\"name\":\"Logofilm Shpk\",\"description\":\"Logofilm Tape - Shirita Ngjites me Logo Biznesi\",\"publisher\":{\"@id\":\"https:\\\/\\\/logofilmtape.al\\\/sq\\\/#organization\"},\"potentialAction\":[{\"@type\":\"SearchAction\",\"target\":{\"@type\":\"EntryPoint\",\"urlTemplate\":\"https:\\\/\\\/logofilmtape.al\\\/sq\\\/?s={search_term_string}\"},\"query-input\":{\"@type\":\"PropertyValueSpecification\",\"valueRequired\":true,\"valueName\":\"search_term_string\"}}],\"inLanguage\":\"sq\"},{\"@type\":\"Organization\",\"@id\":\"https:\\\/\\\/logofilmtape.al\\\/sq\\\/#organization\",\"name\":\"Logofilm Tape Genti Shpk\",\"url\":\"https:\\\/\\\/logofilmtape.al\\\/sq\\\/\",\"logo\":{\"@type\":\"ImageObject\",\"inLanguage\":\"sq\",\"@id\":\"https:\\\/\\\/logofilmtape.al\\\/sq\\\/#\\\/schema\\\/logo\\\/image\\\/\",\"url\":\"https:\\\/\\\/logofilmtape.al\\\/wp-content\\\/uploads\\\/2022\\\/06\\\/FEATURED.jpg\",\"contentUrl\":\"https:\\\/\\\/logofilmtape.al\\\/wp-content\\\/uploads\\\/2022\\\/06\\\/FEATURED.jpg\",\"width\":740,\"height\":385,\"caption\":\"Logofilm Tape Genti Shpk\"},\"image\":{\"@id\":\"https:\\\/\\\/logofilmtape.al\\\/sq\\\/#\\\/schema\\\/logo\\\/image\\\/\"},\"sameAs\":[\"https:\\\/\\\/www.facebook.com\\\/logofilmshpk\\\/\",\"https:\\\/\\\/www.instagram.com\\\/logofilm_al_g\\\/\"]}]}<\/script>\n<!-- \/ Yoast SEO plugin. -->","yoast_head_json":{"title":"Kush Jemi Ne? - Logofilm Shpk Albania","description":"Logofilm Genti Shpk ofroj Shirita Ngjites te Personalizuar me logo Biznesi. Shirita adeziv te ndryshem, per cfaredo lloje perdorimi. Durres, Albania.","robots":{"index":"index","follow":"follow","max-snippet":"max-snippet:-1","max-image-preview":"max-image-preview:large","max-video-preview":"max-video-preview:-1"},"canonical":"http:\/\/logofilmtape.al\/sq\/rreth-nesh\/","og_locale":"sq_AL","og_type":"article","og_title":"Kush Jemi Ne? - Logofilm Shpk Albania","og_description":"Logofilm Genti Shpk ofroj Shirita Ngjites te Personalizuar me logo Biznesi. Shirita adeziv te ndryshem, per cfaredo lloje perdorimi. Durres, Albania.","og_url":"http:\/\/logofilmtape.al\/sq\/rreth-nesh\/","og_site_name":"Logofilm Shpk","article_publisher":"https:\/\/www.facebook.com\/logofilmshpk\/","article_modified_time":"2022-07-09T08:16:43+00:00","og_image":[{"width":740,"height":385,"url":"https:\/\/logofilmtape.al\/wp-content\/uploads\/2022\/06\/FEATURED.jpg","type":"image\/jpeg"}],"twitter_card":"summary_large_image","twitter_misc":{"Est. reading time":"8 minuta"},"schema":{"@context":"https:\/\/schema.org","@graph":[{"@type":"WebPage","@id":"http:\/\/logofilmtape.al\/sq\/rreth-nesh\/","url":"http:\/\/logofilmtape.al\/sq\/rreth-nesh\/","name":"Kush Jemi Ne? - Logofilm Shpk Albania","isPartOf":{"@id":"https:\/\/logofilmtape.al\/sq\/#website"},"primaryImageOfPage":{"@id":"http:\/\/logofilmtape.al\/sq\/rreth-nesh\/#primaryimage"},"image":{"@id":"http:\/\/logofilmtape.al\/sq\/rreth-nesh\/#primaryimage"},"thumbnailUrl":"https:\/\/logofilmtape.al\/wp-content\/uploads\/2022\/06\/FEATURED.jpg","datePublished":"2022-06-17T11:10:45+00:00","dateModified":"2022-07-09T08:16:43+00:00","description":"Logofilm Genti Shpk ofroj Shirita Ngjites te Personalizuar me logo Biznesi. Shirita adeziv te ndryshem, per cfaredo lloje perdorimi. Durres, Albania.","breadcrumb":{"@id":"http:\/\/logofilmtape.al\/sq\/rreth-nesh\/#breadcrumb"},"inLanguage":"sq","potentialAction":[{"@type":"ReadAction","target":["http:\/\/logofilmtape.al\/sq\/rreth-nesh\/"]}]},{"@type":"ImageObject","inLanguage":"sq","@id":"http:\/\/logofilmtape.al\/sq\/rreth-nesh\/#primaryimage","url":"https:\/\/logofilmtape.al\/wp-content\/uploads\/2022\/06\/FEATURED.jpg","contentUrl":"https:\/\/logofilmtape.al\/wp-content\/uploads\/2022\/06\/FEATURED.jpg","width":740,"height":385},{"@type":"BreadcrumbList","@id":"http:\/\/logofilmtape.al\/sq\/rreth-nesh\/#breadcrumb","itemListElement":[{"@type":"ListItem","position":1,"name":"Home","item":"https:\/\/logofilmtape.al\/sq\/"},{"@type":"ListItem","position":2,"name":"RRETH NESH"}]},{"@type":"WebSite","@id":"https:\/\/logofilmtape.al\/sq\/#website","url":"https:\/\/logofilmtape.al\/sq\/","name":"Logofilm Shpk","description":"Logofilm Tape - Shirita Ngjites me Logo Biznesi","publisher":{"@id":"https:\/\/logofilmtape.al\/sq\/#organization"},"potentialAction":[{"@type":"SearchAction","target":{"@type":"EntryPoint","urlTemplate":"https:\/\/logofilmtape.al\/sq\/?s={search_term_string}"},"query-input":{"@type":"PropertyValueSpecification","valueRequired":true,"valueName":"search_term_string"}}],"inLanguage":"sq"},{"@type":"Organization","@id":"https:\/\/logofilmtape.al\/sq\/#organization","name":"Logofilm Tape Genti Shpk","url":"https:\/\/logofilmtape.al\/sq\/","logo":{"@type":"ImageObject","inLanguage":"sq","@id":"https:\/\/logofilmtape.al\/sq\/#\/schema\/logo\/image\/","url":"https:\/\/logofilmtape.al\/wp-content\/uploads\/2022\/06\/FEATURED.jpg","contentUrl":"https:\/\/logofilmtape.al\/wp-content\/uploads\/2022\/06\/FEATURED.jpg","width":740,"height":385,"caption":"Logofilm Tape Genti Shpk"},"image":{"@id":"https:\/\/logofilmtape.al\/sq\/#\/schema\/logo\/image\/"},"sameAs":["https:\/\/www.facebook.com\/logofilmshpk\/","https:\/\/www.instagram.com\/logofilm_al_g\/"]}]}},"_links":{"self":[{"href":"https:\/\/logofilmtape.al\/sq\/wp-json\/wp\/v2\/pages\/55","targetHints":{"allow":["GET"]}}],"collection":[{"href":"https:\/\/logofilmtape.al\/sq\/wp-json\/wp\/v2\/pages"}],"about":[{"href":"https:\/\/logofilmtape.al\/sq\/wp-json\/wp\/v2\/types\/page"}],"author":[{"embeddable":true,"href":"https:\/\/logofilmtape.al\/sq\/wp-json\/wp\/v2\/users\/2"}],"replies":[{"embeddable":true,"href":"https:\/\/logofilmtape.al\/sq\/wp-json\/wp\/v2\/comments?post=55"}],"version-history":[{"count":20,"href":"https:\/\/logofilmtape.al\/sq\/wp-json\/wp\/v2\/pages\/55\/revisions"}],"predecessor-version":[{"id":472,"href":"https:\/\/logofilmtape.al\/sq\/wp-json\/wp\/v2\/pages\/55\/revisions\/472"}],"wp:featuredmedia":[{"embeddable":true,"href":"https:\/\/logofilmtape.al\/sq\/wp-json\/wp\/v2\/media\/376"}],"wp:attachment":[{"href":"https:\/\/logofilmtape.al\/sq\/wp-json\/wp\/v2\/media?parent=55"}],"curies":[{"name":"wp","href":"https:\/\/api.w.org\/{rel}","templated":true}]}}